{"id":92383,"date":"2025-04-08T09:38:09","date_gmt":"2025-04-08T09:38:09","guid":{"rendered":"https:\/\/recambios-nauticos.com\/producto\/helice-retractil-105kg-o185-24v-63kw-qsr10018524v\/"},"modified":"2025-04-15T10:18:23","modified_gmt":"2025-04-15T10:18:23","slug":"helice-retractil-105kg-o185-24v-63kw-qsr10018524v","status":"publish","type":"product","link":"https:\/\/accesoriosnauticosonline.com\/es_es\/producto\/helice-retractil-105kg-o185-24v-63kw-qsr10018524v\/","title":{"rendered":"H\u00c9LICE RETR\u00c1CTIL 105KG \u00d8185 24V 6,3KW QSR10018524V"},"content":{"rendered":"<p>Clase: SN<\/p>\n","protected":false},"excerpt":{"rendered":"<p>H\u00c9LICE RETR\u00c1CTIL 105KG \u00d8185 24V 6,3KW<\/p>\n","protected":false},"featured_media":92384,"comment_status":"closed","ping_status":"open","template":"","meta":[],"product_brand":[],"product_cat":[253,196],"product_tag":[],"class_list":{"0":"post-92383","1":"product","2":"type-product","3":"status-publish","4":"has-post-thumbnail","6":"product_cat-accesorios-megayate","7":"product_cat-helices-megayates","8":"pa_marca-qs","10":"first","11":"instock","12":"purchasable","13":"product-type-simple"},"yoast_head":"<!-- This site is optimized with the Yoast SEO Premium plugin v24.9 (Yoast SEO v26.9) - https:\/\/yoast.com\/product\/yoast-seo-premium-wordpress\/ -->\n<title>H\u00c9LICE RETR\u00c1CTIL 105KG \u00d8185 24V 6,3KW QSR10018524V - ACCESORIOS NAUTICOS - TIENDA ONLINE<\/title>\n<meta name=\"description\" content=\"H\u00c9LICE RETR\u00c1CTIL 105KG \u00d8185 24V 6,3KW\" \/>\n<meta name=\"robots\" content=\"index, follow, max-snippet:-1, max-image-preview:large, max-video-preview:-1\" \/>\n<link rel=\"canonical\" href=\"https:\/\/accesoriosnauticosonline.com\/es_es\/producto\/helice-retractil-105kg-o185-24v-63kw-qsr10018524v\/\" \/>\n<meta property=\"og:locale\" content=\"es_ES\" \/>\n<meta property=\"og:type\" content=\"article\" \/>\n<meta property=\"og:title\" content=\"H\u00c9LICE RETR\u00c1CTIL 105KG \u00d8185 24V 6,3KW QSR10018524V\" \/>\n<meta property=\"og:description\" content=\"H\u00c9LICE RETR\u00c1CTIL 105KG \u00d8185 24V 6,3KW\" \/>\n<meta property=\"og:url\" content=\"https:\/\/accesoriosnauticosonline.com\/es_es\/producto\/helice-retractil-105kg-o185-24v-63kw-qsr10018524v\/\" \/>\n<meta property=\"og:site_name\" content=\"ACCESORIOS NAUTICOS - TIENDA ONLINE\" \/>\n<meta property=\"article:modified_time\" content=\"2025-04-15T10:18:23+00:00\" \/>\n<meta property=\"og:image\" content=\"https:\/\/accesoriosnauticosonline.com\/wp-content\/uploads\/2025\/04\/QSR10018524V.jpg\" \/>\n\t<meta property=\"og:image:width\" content=\"510\" \/>\n\t<meta property=\"og:image:height\" content=\"457\" \/>\n\t<meta property=\"og:image:type\" content=\"image\/jpeg\" \/>\n<meta name=\"twitter:card\" content=\"summary_large_image\" \/>\n<script type=\"application\/ld+json\" class=\"yoast-schema-graph\">{\"@context\":\"https:\/\/schema.org\",\"@graph\":[{\"@type\":\"WebPage\",\"@id\":\"https:\/\/accesoriosnauticosonline.com\/en\/product\/helice-retractil-105kg-o185-24v-63kw-qsr10018524v\/\",\"url\":\"https:\/\/accesoriosnauticosonline.com\/en\/product\/helice-retractil-105kg-o185-24v-63kw-qsr10018524v\/\",\"name\":\"H\u00c9LICE RETR\u00c1CTIL 105KG \u00d8185 24V 6,3KW QSR10018524V - ACCESORIOS NAUTICOS - TIENDA ONLINE\",\"isPartOf\":{\"@id\":\"https:\/\/accesoriosnauticosonline.com\/es_es\/#website\"},\"primaryImageOfPage\":{\"@id\":\"https:\/\/accesoriosnauticosonline.com\/en\/product\/helice-retractil-105kg-o185-24v-63kw-qsr10018524v\/#primaryimage\"},\"image\":{\"@id\":\"https:\/\/accesoriosnauticosonline.com\/en\/product\/helice-retractil-105kg-o185-24v-63kw-qsr10018524v\/#primaryimage\"},\"thumbnailUrl\":\"https:\/\/accesoriosnauticosonline.com\/wp-content\/uploads\/2025\/04\/QSR10018524V.jpg\",\"datePublished\":\"2025-04-08T09:38:09+00:00\",\"dateModified\":\"2025-04-15T10:18:23+00:00\",\"description\":\"H\u00c9LICE RETR\u00c1CTIL 105KG \u00d8185 24V 6,3KW\",\"breadcrumb\":{\"@id\":\"https:\/\/accesoriosnauticosonline.com\/en\/product\/helice-retractil-105kg-o185-24v-63kw-qsr10018524v\/#breadcrumb\"},\"inLanguage\":\"es\",\"potentialAction\":[{\"@type\":\"ReadAction\",\"target\":[\"https:\/\/accesoriosnauticosonline.com\/en\/product\/helice-retractil-105kg-o185-24v-63kw-qsr10018524v\/\"]}]},{\"@type\":\"ImageObject\",\"inLanguage\":\"es\",\"@id\":\"https:\/\/accesoriosnauticosonline.com\/en\/product\/helice-retractil-105kg-o185-24v-63kw-qsr10018524v\/#primaryimage\",\"url\":\"https:\/\/accesoriosnauticosonline.com\/wp-content\/uploads\/2025\/04\/QSR10018524V.jpg\",\"contentUrl\":\"https:\/\/accesoriosnauticosonline.com\/wp-content\/uploads\/2025\/04\/QSR10018524V.jpg\",\"width\":510,\"height\":457},{\"@type\":\"BreadcrumbList\",\"@id\":\"https:\/\/accesoriosnauticosonline.com\/en\/product\/helice-retractil-105kg-o185-24v-63kw-qsr10018524v\/#breadcrumb\",\"itemListElement\":[{\"@type\":\"ListItem\",\"position\":1,\"name\":\"Portada\",\"item\":\"https:\/\/accesoriosnauticosonline.com\/en\/\"},{\"@type\":\"ListItem\",\"position\":2,\"name\":\"Tienda\",\"item\":\"https:\/\/accesoriosnauticosonline.com\/en\/shop\/\"},{\"@type\":\"ListItem\",\"position\":3,\"name\":\"H\u00c9LICE RETR\u00c1CTIL 105KG \u00d8185 24V 6,3KW QSR10018524V\"}]},{\"@type\":\"WebSite\",\"@id\":\"https:\/\/accesoriosnauticosonline.com\/es_es\/#website\",\"url\":\"https:\/\/accesoriosnauticosonline.com\/es_es\/\",\"name\":\"ACCESORIOS NAUTICOS - TIENDA ONLINE\",\"description\":\"Tienda Nautica Online de Accesorios Nauticos y Recambios Marinos\",\"publisher\":{\"@id\":\"https:\/\/accesoriosnauticosonline.com\/es_es\/#organization\"},\"potentialAction\":[{\"@type\":\"SearchAction\",\"target\":{\"@type\":\"EntryPoint\",\"urlTemplate\":\"https:\/\/accesoriosnauticosonline.com\/es_es\/?s={search_term_string}\"},\"query-input\":{\"@type\":\"PropertyValueSpecification\",\"valueRequired\":true,\"valueName\":\"search_term_string\"}}],\"inLanguage\":\"es\"},{\"@type\":\"Organization\",\"@id\":\"https:\/\/accesoriosnauticosonline.com\/es_es\/#organization\",\"name\":\"ACCESORIOS NAUTICOS - TIENDA ONLINE\",\"url\":\"https:\/\/accesoriosnauticosonline.com\/es_es\/\",\"logo\":{\"@type\":\"ImageObject\",\"inLanguage\":\"es\",\"@id\":\"https:\/\/accesoriosnauticosonline.com\/es_es\/#\/schema\/logo\/image\/\",\"url\":\"https:\/\/accesoriosnauticosonline.com\/wp-content\/uploads\/2025\/01\/Logo-Transparente-1.png\",\"contentUrl\":\"https:\/\/accesoriosnauticosonline.com\/wp-content\/uploads\/2025\/01\/Logo-Transparente-1.png\",\"width\":955,\"height\":489,\"caption\":\"ACCESORIOS NAUTICOS - TIENDA ONLINE\"},\"image\":{\"@id\":\"https:\/\/accesoriosnauticosonline.com\/es_es\/#\/schema\/logo\/image\/\"}}]}<\/script>\n<!-- \/ Yoast SEO Premium plugin. -->","yoast_head_json":{"title":"H\u00c9LICE RETR\u00c1CTIL 105KG \u00d8185 24V 6,3KW QSR10018524V - ACCESORIOS NAUTICOS - TIENDA ONLINE","description":"H\u00c9LICE RETR\u00c1CTIL 105KG \u00d8185 24V 6,3KW","robots":{"index":"index","follow":"follow","max-snippet":"max-snippet:-1","max-image-preview":"max-image-preview:large","max-video-preview":"max-video-preview:-1"},"canonical":"https:\/\/accesoriosnauticosonline.com\/es_es\/producto\/helice-retractil-105kg-o185-24v-63kw-qsr10018524v\/","og_locale":"es_ES","og_type":"article","og_title":"H\u00c9LICE RETR\u00c1CTIL 105KG \u00d8185 24V 6,3KW QSR10018524V","og_description":"H\u00c9LICE RETR\u00c1CTIL 105KG \u00d8185 24V 6,3KW","og_url":"https:\/\/accesoriosnauticosonline.com\/es_es\/producto\/helice-retractil-105kg-o185-24v-63kw-qsr10018524v\/","og_site_name":"ACCESORIOS NAUTICOS - TIENDA ONLINE","article_modified_time":"2025-04-15T10:18:23+00:00","og_image":[{"width":510,"height":457,"url":"https:\/\/accesoriosnauticosonline.com\/wp-content\/uploads\/2025\/04\/QSR10018524V.jpg","type":"image\/jpeg"}],"twitter_card":"summary_large_image","schema":{"@context":"https:\/\/schema.org","@graph":[{"@type":"WebPage","@id":"https:\/\/accesoriosnauticosonline.com\/en\/product\/helice-retractil-105kg-o185-24v-63kw-qsr10018524v\/","url":"https:\/\/accesoriosnauticosonline.com\/en\/product\/helice-retractil-105kg-o185-24v-63kw-qsr10018524v\/","name":"H\u00c9LICE RETR\u00c1CTIL 105KG \u00d8185 24V 6,3KW QSR10018524V - ACCESORIOS NAUTICOS - TIENDA ONLINE","isPartOf":{"@id":"https:\/\/accesoriosnauticosonline.com\/es_es\/#website"},"primaryImageOfPage":{"@id":"https:\/\/accesoriosnauticosonline.com\/en\/product\/helice-retractil-105kg-o185-24v-63kw-qsr10018524v\/#primaryimage"},"image":{"@id":"https:\/\/accesoriosnauticosonline.com\/en\/product\/helice-retractil-105kg-o185-24v-63kw-qsr10018524v\/#primaryimage"},"thumbnailUrl":"https:\/\/accesoriosnauticosonline.com\/wp-content\/uploads\/2025\/04\/QSR10018524V.jpg","datePublished":"2025-04-08T09:38:09+00:00","dateModified":"2025-04-15T10:18:23+00:00","description":"H\u00c9LICE RETR\u00c1CTIL 105KG \u00d8185 24V 6,3KW","breadcrumb":{"@id":"https:\/\/accesoriosnauticosonline.com\/en\/product\/helice-retractil-105kg-o185-24v-63kw-qsr10018524v\/#breadcrumb"},"inLanguage":"es","potentialAction":[{"@type":"ReadAction","target":["https:\/\/accesoriosnauticosonline.com\/en\/product\/helice-retractil-105kg-o185-24v-63kw-qsr10018524v\/"]}]},{"@type":"ImageObject","inLanguage":"es","@id":"https:\/\/accesoriosnauticosonline.com\/en\/product\/helice-retractil-105kg-o185-24v-63kw-qsr10018524v\/#primaryimage","url":"https:\/\/accesoriosnauticosonline.com\/wp-content\/uploads\/2025\/04\/QSR10018524V.jpg","contentUrl":"https:\/\/accesoriosnauticosonline.com\/wp-content\/uploads\/2025\/04\/QSR10018524V.jpg","width":510,"height":457},{"@type":"BreadcrumbList","@id":"https:\/\/accesoriosnauticosonline.com\/en\/product\/helice-retractil-105kg-o185-24v-63kw-qsr10018524v\/#breadcrumb","itemListElement":[{"@type":"ListItem","position":1,"name":"Portada","item":"https:\/\/accesoriosnauticosonline.com\/en\/"},{"@type":"ListItem","position":2,"name":"Tienda","item":"https:\/\/accesoriosnauticosonline.com\/en\/shop\/"},{"@type":"ListItem","position":3,"name":"H\u00c9LICE RETR\u00c1CTIL 105KG \u00d8185 24V 6,3KW QSR10018524V"}]},{"@type":"WebSite","@id":"https:\/\/accesoriosnauticosonline.com\/es_es\/#website","url":"https:\/\/accesoriosnauticosonline.com\/es_es\/","name":"ACCESORIOS NAUTICOS - TIENDA ONLINE","description":"Tienda Nautica Online de Accesorios Nauticos y Recambios Marinos","publisher":{"@id":"https:\/\/accesoriosnauticosonline.com\/es_es\/#organization"},"potentialAction":[{"@type":"SearchAction","target":{"@type":"EntryPoint","urlTemplate":"https:\/\/accesoriosnauticosonline.com\/es_es\/?s={search_term_string}"},"query-input":{"@type":"PropertyValueSpecification","valueRequired":true,"valueName":"search_term_string"}}],"inLanguage":"es"},{"@type":"Organization","@id":"https:\/\/accesoriosnauticosonline.com\/es_es\/#organization","name":"ACCESORIOS NAUTICOS - TIENDA ONLINE","url":"https:\/\/accesoriosnauticosonline.com\/es_es\/","logo":{"@type":"ImageObject","inLanguage":"es","@id":"https:\/\/accesoriosnauticosonline.com\/es_es\/#\/schema\/logo\/image\/","url":"https:\/\/accesoriosnauticosonline.com\/wp-content\/uploads\/2025\/01\/Logo-Transparente-1.png","contentUrl":"https:\/\/accesoriosnauticosonline.com\/wp-content\/uploads\/2025\/01\/Logo-Transparente-1.png","width":955,"height":489,"caption":"ACCESORIOS NAUTICOS - TIENDA ONLINE"},"image":{"@id":"https:\/\/accesoriosnauticosonline.com\/es_es\/#\/schema\/logo\/image\/"}}]}},"_links":{"self":[{"href":"https:\/\/accesoriosnauticosonline.com\/es_es\/wp-json\/wp\/v2\/product\/92383","targetHints":{"allow":["GET"]}}],"collection":[{"href":"https:\/\/accesoriosnauticosonline.com\/es_es\/wp-json\/wp\/v2\/product"}],"about":[{"href":"https:\/\/accesoriosnauticosonline.com\/es_es\/wp-json\/wp\/v2\/types\/product"}],"replies":[{"embeddable":true,"href":"https:\/\/accesoriosnauticosonline.com\/es_es\/wp-json\/wp\/v2\/comments?post=92383"}],"wp:featuredmedia":[{"embeddable":true,"href":"https:\/\/accesoriosnauticosonline.com\/es_es\/wp-json\/wp\/v2\/media\/92384"}],"wp:attachment":[{"href":"https:\/\/accesoriosnauticosonline.com\/es_es\/wp-json\/wp\/v2\/media?parent=92383"}],"wp:term":[{"taxonomy":"product_brand","embeddable":true,"href":"https:\/\/accesoriosnauticosonline.com\/es_es\/wp-json\/wp\/v2\/product_brand?post=92383"},{"taxonomy":"product_cat","embeddable":true,"href":"https:\/\/accesoriosnauticosonline.com\/es_es\/wp-json\/wp\/v2\/product_cat?post=92383"},{"taxonomy":"product_tag","embeddable":true,"href":"https:\/\/accesoriosnauticosonline.com\/es_es\/wp-json\/wp\/v2\/product_tag?post=92383"}],"curies":[{"name":"wp","href":"https:\/\/api.w.org\/{rel}","templated":true}]}}