{"id":36883,"date":"2025-04-07T23:01:09","date_gmt":"2025-04-07T23:01:09","guid":{"rendered":"https:\/\/recambios-nauticos.com\/producto\/embarcacion-neumatica-hsd320-suelo-airma-hsd320airmat\/"},"modified":"2025-04-15T06:27:21","modified_gmt":"2025-04-15T06:27:21","slug":"embarcacion-neumatica-hsd320-suelo-airma-hsd320airmat","status":"publish","type":"product","link":"https:\/\/accesoriosnauticosonline.com\/es_es\/producto\/embarcacion-neumatica-hsd320-suelo-airma-hsd320airmat\/","title":{"rendered":"EMBARCACI\u00d3N NEUM\u00c1TICA HSD320 SUELO AIRMA HSD320AIRMAT"},"content":{"rendered":"<p>Clase: NE<\/p>\n","protected":false},"excerpt":{"rendered":"<p>EMBARCACI\u00d3N NEUM\u00c1TICA HSD320 SUELO AIRMA<\/p>\n","protected":false},"featured_media":81762,"comment_status":"closed","ping_status":"open","template":"","meta":[],"product_brand":[],"product_cat":[167,226],"product_tag":[],"class_list":{"0":"post-36883","1":"product","2":"type-product","3":"status-publish","4":"has-post-thumbnail","6":"product_cat-embarcaciones-neumaticas","7":"product_cat-neumaticas-y-packs","8":"pa_marca-goldenship","9":"pa_motor-15-hp","11":"first","12":"instock","13":"purchasable","14":"product-type-simple"},"yoast_head":"<!-- This site is optimized with the Yoast SEO Premium plugin v24.9 (Yoast SEO v26.9) - https:\/\/yoast.com\/product\/yoast-seo-premium-wordpress\/ -->\n<title>EMBARCACI\u00d3N NEUM\u00c1TICA HSD320 SUELO AIRMA HSD320AIRMAT - ACCESORIOS NAUTICOS - TIENDA ONLINE<\/title>\n<meta name=\"description\" content=\"EMBARCACI\u00d3N NEUM\u00c1TICA HSD320 SUELO AIRMA\" \/>\n<meta name=\"robots\" content=\"index, follow, max-snippet:-1, max-image-preview:large, max-video-preview:-1\" \/>\n<link rel=\"canonical\" href=\"https:\/\/accesoriosnauticosonline.com\/es_es\/producto\/embarcacion-neumatica-hsd320-suelo-airma-hsd320airmat\/\" \/>\n<meta property=\"og:locale\" content=\"es_ES\" \/>\n<meta property=\"og:type\" content=\"article\" \/>\n<meta property=\"og:title\" content=\"EMBARCACI\u00d3N NEUM\u00c1TICA HSD320 SUELO AIRMA HSD320AIRMAT\" \/>\n<meta property=\"og:description\" content=\"EMBARCACI\u00d3N NEUM\u00c1TICA HSD320 SUELO AIRMA\" \/>\n<meta property=\"og:url\" content=\"https:\/\/accesoriosnauticosonline.com\/es_es\/producto\/embarcacion-neumatica-hsd320-suelo-airma-hsd320airmat\/\" \/>\n<meta property=\"og:site_name\" content=\"ACCESORIOS NAUTICOS - TIENDA ONLINE\" \/>\n<meta property=\"article:modified_time\" content=\"2025-04-15T06:27:21+00:00\" \/>\n<meta property=\"og:image\" content=\"https:\/\/accesoriosnauticosonline.com\/wp-content\/uploads\/2025\/04\/HSD320AIRMAT.jpg\" \/>\n\t<meta property=\"og:image:width\" content=\"510\" \/>\n\t<meta property=\"og:image:height\" content=\"277\" \/>\n\t<meta property=\"og:image:type\" content=\"image\/jpeg\" \/>\n<meta name=\"twitter:card\" content=\"summary_large_image\" \/>\n<script type=\"application\/ld+json\" class=\"yoast-schema-graph\">{\"@context\":\"https:\/\/schema.org\",\"@graph\":[{\"@type\":\"WebPage\",\"@id\":\"https:\/\/accesoriosnauticosonline.com\/en\/product\/embarcacion-neumatica-hsd320-suelo-airma-hsd320airmat\/\",\"url\":\"https:\/\/accesoriosnauticosonline.com\/en\/product\/embarcacion-neumatica-hsd320-suelo-airma-hsd320airmat\/\",\"name\":\"EMBARCACI\u00d3N NEUM\u00c1TICA HSD320 SUELO AIRMA HSD320AIRMAT - ACCESORIOS NAUTICOS - TIENDA ONLINE\",\"isPartOf\":{\"@id\":\"https:\/\/accesoriosnauticosonline.com\/es_es\/#website\"},\"primaryImageOfPage\":{\"@id\":\"https:\/\/accesoriosnauticosonline.com\/en\/product\/embarcacion-neumatica-hsd320-suelo-airma-hsd320airmat\/#primaryimage\"},\"image\":{\"@id\":\"https:\/\/accesoriosnauticosonline.com\/en\/product\/embarcacion-neumatica-hsd320-suelo-airma-hsd320airmat\/#primaryimage\"},\"thumbnailUrl\":\"https:\/\/accesoriosnauticosonline.com\/wp-content\/uploads\/2025\/04\/HSD320AIRMAT.jpg\",\"datePublished\":\"2025-04-07T23:01:09+00:00\",\"dateModified\":\"2025-04-15T06:27:21+00:00\",\"description\":\"EMBARCACI\u00d3N NEUM\u00c1TICA HSD320 SUELO AIRMA\",\"breadcrumb\":{\"@id\":\"https:\/\/accesoriosnauticosonline.com\/en\/product\/embarcacion-neumatica-hsd320-suelo-airma-hsd320airmat\/#breadcrumb\"},\"inLanguage\":\"es\",\"potentialAction\":[{\"@type\":\"ReadAction\",\"target\":[\"https:\/\/accesoriosnauticosonline.com\/en\/product\/embarcacion-neumatica-hsd320-suelo-airma-hsd320airmat\/\"]}]},{\"@type\":\"ImageObject\",\"inLanguage\":\"es\",\"@id\":\"https:\/\/accesoriosnauticosonline.com\/en\/product\/embarcacion-neumatica-hsd320-suelo-airma-hsd320airmat\/#primaryimage\",\"url\":\"https:\/\/accesoriosnauticosonline.com\/wp-content\/uploads\/2025\/04\/HSD320AIRMAT.jpg\",\"contentUrl\":\"https:\/\/accesoriosnauticosonline.com\/wp-content\/uploads\/2025\/04\/HSD320AIRMAT.jpg\",\"width\":510,\"height\":277},{\"@type\":\"BreadcrumbList\",\"@id\":\"https:\/\/accesoriosnauticosonline.com\/en\/product\/embarcacion-neumatica-hsd320-suelo-airma-hsd320airmat\/#breadcrumb\",\"itemListElement\":[{\"@type\":\"ListItem\",\"position\":1,\"name\":\"Portada\",\"item\":\"https:\/\/accesoriosnauticosonline.com\/en\/\"},{\"@type\":\"ListItem\",\"position\":2,\"name\":\"Tienda\",\"item\":\"https:\/\/accesoriosnauticosonline.com\/en\/shop\/\"},{\"@type\":\"ListItem\",\"position\":3,\"name\":\"EMBARCACI\u00d3N NEUM\u00c1TICA HSD320 SUELO AIRMA HSD320AIRMAT\"}]},{\"@type\":\"WebSite\",\"@id\":\"https:\/\/accesoriosnauticosonline.com\/es_es\/#website\",\"url\":\"https:\/\/accesoriosnauticosonline.com\/es_es\/\",\"name\":\"ACCESORIOS NAUTICOS - TIENDA ONLINE\",\"description\":\"Tienda Nautica Online de Accesorios Nauticos y Recambios Marinos\",\"publisher\":{\"@id\":\"https:\/\/accesoriosnauticosonline.com\/es_es\/#organization\"},\"potentialAction\":[{\"@type\":\"SearchAction\",\"target\":{\"@type\":\"EntryPoint\",\"urlTemplate\":\"https:\/\/accesoriosnauticosonline.com\/es_es\/?s={search_term_string}\"},\"query-input\":{\"@type\":\"PropertyValueSpecification\",\"valueRequired\":true,\"valueName\":\"search_term_string\"}}],\"inLanguage\":\"es\"},{\"@type\":\"Organization\",\"@id\":\"https:\/\/accesoriosnauticosonline.com\/es_es\/#organization\",\"name\":\"ACCESORIOS NAUTICOS - TIENDA ONLINE\",\"url\":\"https:\/\/accesoriosnauticosonline.com\/es_es\/\",\"logo\":{\"@type\":\"ImageObject\",\"inLanguage\":\"es\",\"@id\":\"https:\/\/accesoriosnauticosonline.com\/es_es\/#\/schema\/logo\/image\/\",\"url\":\"https:\/\/accesoriosnauticosonline.com\/wp-content\/uploads\/2025\/01\/Logo-Transparente-1.png\",\"contentUrl\":\"https:\/\/accesoriosnauticosonline.com\/wp-content\/uploads\/2025\/01\/Logo-Transparente-1.png\",\"width\":955,\"height\":489,\"caption\":\"ACCESORIOS NAUTICOS - TIENDA ONLINE\"},\"image\":{\"@id\":\"https:\/\/accesoriosnauticosonline.com\/es_es\/#\/schema\/logo\/image\/\"}}]}<\/script>\n<!-- \/ Yoast SEO Premium plugin. -->","yoast_head_json":{"title":"EMBARCACI\u00d3N NEUM\u00c1TICA HSD320 SUELO AIRMA HSD320AIRMAT - ACCESORIOS NAUTICOS - TIENDA ONLINE","description":"EMBARCACI\u00d3N NEUM\u00c1TICA HSD320 SUELO AIRMA","robots":{"index":"index","follow":"follow","max-snippet":"max-snippet:-1","max-image-preview":"max-image-preview:large","max-video-preview":"max-video-preview:-1"},"canonical":"https:\/\/accesoriosnauticosonline.com\/es_es\/producto\/embarcacion-neumatica-hsd320-suelo-airma-hsd320airmat\/","og_locale":"es_ES","og_type":"article","og_title":"EMBARCACI\u00d3N NEUM\u00c1TICA HSD320 SUELO AIRMA HSD320AIRMAT","og_description":"EMBARCACI\u00d3N NEUM\u00c1TICA HSD320 SUELO AIRMA","og_url":"https:\/\/accesoriosnauticosonline.com\/es_es\/producto\/embarcacion-neumatica-hsd320-suelo-airma-hsd320airmat\/","og_site_name":"ACCESORIOS NAUTICOS - TIENDA ONLINE","article_modified_time":"2025-04-15T06:27:21+00:00","og_image":[{"width":510,"height":277,"url":"https:\/\/accesoriosnauticosonline.com\/wp-content\/uploads\/2025\/04\/HSD320AIRMAT.jpg","type":"image\/jpeg"}],"twitter_card":"summary_large_image","schema":{"@context":"https:\/\/schema.org","@graph":[{"@type":"WebPage","@id":"https:\/\/accesoriosnauticosonline.com\/en\/product\/embarcacion-neumatica-hsd320-suelo-airma-hsd320airmat\/","url":"https:\/\/accesoriosnauticosonline.com\/en\/product\/embarcacion-neumatica-hsd320-suelo-airma-hsd320airmat\/","name":"EMBARCACI\u00d3N NEUM\u00c1TICA HSD320 SUELO AIRMA HSD320AIRMAT - ACCESORIOS NAUTICOS - TIENDA ONLINE","isPartOf":{"@id":"https:\/\/accesoriosnauticosonline.com\/es_es\/#website"},"primaryImageOfPage":{"@id":"https:\/\/accesoriosnauticosonline.com\/en\/product\/embarcacion-neumatica-hsd320-suelo-airma-hsd320airmat\/#primaryimage"},"image":{"@id":"https:\/\/accesoriosnauticosonline.com\/en\/product\/embarcacion-neumatica-hsd320-suelo-airma-hsd320airmat\/#primaryimage"},"thumbnailUrl":"https:\/\/accesoriosnauticosonline.com\/wp-content\/uploads\/2025\/04\/HSD320AIRMAT.jpg","datePublished":"2025-04-07T23:01:09+00:00","dateModified":"2025-04-15T06:27:21+00:00","description":"EMBARCACI\u00d3N NEUM\u00c1TICA HSD320 SUELO AIRMA","breadcrumb":{"@id":"https:\/\/accesoriosnauticosonline.com\/en\/product\/embarcacion-neumatica-hsd320-suelo-airma-hsd320airmat\/#breadcrumb"},"inLanguage":"es","potentialAction":[{"@type":"ReadAction","target":["https:\/\/accesoriosnauticosonline.com\/en\/product\/embarcacion-neumatica-hsd320-suelo-airma-hsd320airmat\/"]}]},{"@type":"ImageObject","inLanguage":"es","@id":"https:\/\/accesoriosnauticosonline.com\/en\/product\/embarcacion-neumatica-hsd320-suelo-airma-hsd320airmat\/#primaryimage","url":"https:\/\/accesoriosnauticosonline.com\/wp-content\/uploads\/2025\/04\/HSD320AIRMAT.jpg","contentUrl":"https:\/\/accesoriosnauticosonline.com\/wp-content\/uploads\/2025\/04\/HSD320AIRMAT.jpg","width":510,"height":277},{"@type":"BreadcrumbList","@id":"https:\/\/accesoriosnauticosonline.com\/en\/product\/embarcacion-neumatica-hsd320-suelo-airma-hsd320airmat\/#breadcrumb","itemListElement":[{"@type":"ListItem","position":1,"name":"Portada","item":"https:\/\/accesoriosnauticosonline.com\/en\/"},{"@type":"ListItem","position":2,"name":"Tienda","item":"https:\/\/accesoriosnauticosonline.com\/en\/shop\/"},{"@type":"ListItem","position":3,"name":"EMBARCACI\u00d3N NEUM\u00c1TICA HSD320 SUELO AIRMA HSD320AIRMAT"}]},{"@type":"WebSite","@id":"https:\/\/accesoriosnauticosonline.com\/es_es\/#website","url":"https:\/\/accesoriosnauticosonline.com\/es_es\/","name":"ACCESORIOS NAUTICOS - TIENDA ONLINE","description":"Tienda Nautica Online de Accesorios Nauticos y Recambios Marinos","publisher":{"@id":"https:\/\/accesoriosnauticosonline.com\/es_es\/#organization"},"potentialAction":[{"@type":"SearchAction","target":{"@type":"EntryPoint","urlTemplate":"https:\/\/accesoriosnauticosonline.com\/es_es\/?s={search_term_string}"},"query-input":{"@type":"PropertyValueSpecification","valueRequired":true,"valueName":"search_term_string"}}],"inLanguage":"es"},{"@type":"Organization","@id":"https:\/\/accesoriosnauticosonline.com\/es_es\/#organization","name":"ACCESORIOS NAUTICOS - TIENDA ONLINE","url":"https:\/\/accesoriosnauticosonline.com\/es_es\/","logo":{"@type":"ImageObject","inLanguage":"es","@id":"https:\/\/accesoriosnauticosonline.com\/es_es\/#\/schema\/logo\/image\/","url":"https:\/\/accesoriosnauticosonline.com\/wp-content\/uploads\/2025\/01\/Logo-Transparente-1.png","contentUrl":"https:\/\/accesoriosnauticosonline.com\/wp-content\/uploads\/2025\/01\/Logo-Transparente-1.png","width":955,"height":489,"caption":"ACCESORIOS NAUTICOS - TIENDA ONLINE"},"image":{"@id":"https:\/\/accesoriosnauticosonline.com\/es_es\/#\/schema\/logo\/image\/"}}]}},"_links":{"self":[{"href":"https:\/\/accesoriosnauticosonline.com\/es_es\/wp-json\/wp\/v2\/product\/36883","targetHints":{"allow":["GET"]}}],"collection":[{"href":"https:\/\/accesoriosnauticosonline.com\/es_es\/wp-json\/wp\/v2\/product"}],"about":[{"href":"https:\/\/accesoriosnauticosonline.com\/es_es\/wp-json\/wp\/v2\/types\/product"}],"replies":[{"embeddable":true,"href":"https:\/\/accesoriosnauticosonline.com\/es_es\/wp-json\/wp\/v2\/comments?post=36883"}],"wp:featuredmedia":[{"embeddable":true,"href":"https:\/\/accesoriosnauticosonline.com\/es_es\/wp-json\/wp\/v2\/media\/81762"}],"wp:attachment":[{"href":"https:\/\/accesoriosnauticosonline.com\/es_es\/wp-json\/wp\/v2\/media?parent=36883"}],"wp:term":[{"taxonomy":"product_brand","embeddable":true,"href":"https:\/\/accesoriosnauticosonline.com\/es_es\/wp-json\/wp\/v2\/product_brand?post=36883"},{"taxonomy":"product_cat","embeddable":true,"href":"https:\/\/accesoriosnauticosonline.com\/es_es\/wp-json\/wp\/v2\/product_cat?post=36883"},{"taxonomy":"product_tag","embeddable":true,"href":"https:\/\/accesoriosnauticosonline.com\/es_es\/wp-json\/wp\/v2\/product_tag?post=36883"}],"curies":[{"name":"wp","href":"https:\/\/api.w.org\/{rel}","templated":true}]}}